{"id":571,"date":"2016-04-10T16:37:36","date_gmt":"2016-04-10T15:37:36","guid":{"rendered":"http:\/\/www.lesheuresmusicalesdecunault.fr\/?post_type=product&#038;p=571"},"modified":"2017-03-28T16:41:34","modified_gmt":"2017-03-28T15:41:34","slug":"musique-de-chambre","status":"publish","type":"product","link":"https:\/\/www.lesheuresmusicalesdecunault.fr\/en\/boutique\/non-classe\/musique-de-chambre\/","title":{"rendered":"Concert Violon et Orgue"},"content":{"rendered":"<p>Jaleh Perego, violon, Damien H\u00e9risset, orgue.<\/p>\n<p><strong>T.A. Vitali, J.S. Bach, GF Haendel, C.M. Widor<\/strong><\/p>\n<p>Le concert inaugural de la trente-quatri\u00e8me saison des Heures Musicales de Cunault sera confi\u00e9 \u00e0 la violoniste Jaleh Perego et \u00e0 l&#8217;organiste Damien H\u00e9risset, titulaire de l&#8217;orgue de la Prieurale de Cunault et directeur musical des H.M.C. La virtuosit\u00e9 et la sensibilit\u00e9 de celle qui durant son enfance avait eu l&#8217;honneur et la joie de correspondre avec Sir Yehudi Menuhin, s&#8217;exprimeront pleinement dans le vaste espace sonore qu&#8217;offre l&#8217;\u00e9difice.\u00a0\u00a0\u00a0\u00a0\u00a0\u00a0\u00a0\u00a0\u00a0\u00a0\u00a0\u00a0<img loading=\"lazy\" decoding=\"async\" class=\"wp-image-508 aligncenter\" src=\"https:\/\/www.lesheuresmusicalesdecunault.fr\/contents\/medias\/2016\/03\/Jaleh-Perego-300x225.jpg\" alt=\"Jaleh Perego\" width=\"6\" height=\"5\" srcset=\"https:\/\/www.lesheuresmusicalesdecunault.fr\/contents\/medias\/2016\/03\/Jaleh-Perego-300x300.jpg 300w, https:\/\/www.lesheuresmusicalesdecunault.fr\/contents\/medias\/2016\/03\/Jaleh-Perego-100x100.jpg 100w, https:\/\/www.lesheuresmusicalesdecunault.fr\/contents\/medias\/2016\/03\/Jaleh-Perego-150x100.jpg 150w, https:\/\/www.lesheuresmusicalesdecunault.fr\/contents\/medias\/2016\/03\/Jaleh-Perego-350x350.jpg 350w, https:\/\/www.lesheuresmusicalesdecunault.fr\/contents\/medias\/2016\/03\/Jaleh-Perego-280x200.jpg 280w, https:\/\/www.lesheuresmusicalesdecunault.fr\/contents\/medias\/2016\/03\/Jaleh-Perego-200x150.jpg 200w, https:\/\/www.lesheuresmusicalesdecunault.fr\/contents\/medias\/2016\/03\/Jaleh-Perego.jpg 480w\" sizes=\"auto, (max-width: 6px) 100vw, 6px\" \/><\/p>\n<p><img loading=\"lazy\" decoding=\"async\" class=\"wp-image-508 alignnone\" src=\"https:\/\/www.lesheuresmusicalesdecunault.fr\/contents\/medias\/2016\/03\/Jaleh-Perego-300x225.jpg\" alt=\"Jaleh Perego\" width=\"197\" height=\"148\" srcset=\"https:\/\/www.lesheuresmusicalesdecunault.fr\/contents\/medias\/2016\/03\/Jaleh-Perego-300x225.jpg 300w, https:\/\/www.lesheuresmusicalesdecunault.fr\/contents\/medias\/2016\/03\/Jaleh-Perego-200x150.jpg 200w, https:\/\/www.lesheuresmusicalesdecunault.fr\/contents\/medias\/2016\/03\/Jaleh-Perego.jpg 480w\" sizes=\"auto, (max-width: 197px) 100vw, 197px\" \/><\/p>\n<p>De son c\u00f4t\u00e9, comme accompagnateur ou comme soliste, Damien H\u00e9risset \u00e9crira une <img loading=\"lazy\" decoding=\"async\" class=\"alignright size-medium wp-image-637\" src=\"https:\/\/www.lesheuresmusicalesdecunault.fr\/contents\/medias\/2016\/04\/Damien-H\u00e9risset-199x300.jpg\" alt=\"Damien H\u00e9risset\" width=\"199\" height=\"300\" srcset=\"https:\/\/www.lesheuresmusicalesdecunault.fr\/contents\/medias\/2016\/04\/Damien-H\u00e9risset-199x300.jpg 199w, https:\/\/www.lesheuresmusicalesdecunault.fr\/contents\/medias\/2016\/04\/Damien-H\u00e9risset.jpg 332w\" sizes=\"auto, (max-width: 199px) 100vw, 199px\" \/>\u00a0nouvelle page de l&#8217;aventure des Heures Musicales cr\u00e9\u00e9es pour faire connaitre et mettre en valeur l&#8217;instrument n\u00e9o-classique install\u00e9 dans la nef en 1981 et qu&#8217;il sert avec brio depuis une quinzaine d&#8217;ann\u00e9es.<\/p>\n","protected":false},"excerpt":{"rendered":"<p>Jaleh Perego, violon, Damien H\u00e9risset, orgue. T.A. Vitali, J.S. Bach, GF Haendel, C.M. Widor Le concert inaugural de la trente-quatri\u00e8me saison des Heures Musicales de Cunault sera confi\u00e9 \u00e0 la violoniste Jaleh Perego et \u00e0 l&#8217;organiste Damien H\u00e9risset, titulaire de&#8230; <a class=\"more-link\" href=\"https:\/\/www.lesheuresmusicalesdecunault.fr\/en\/boutique\/non-classe\/musique-de-chambre\/\">Continue Reading &rarr;<\/a><\/p>\n","protected":false},"featured_media":0,"comment_status":"open","ping_status":"closed","template":"","meta":{"_acf_changed":false,"_exactmetrics_skip_tracking":false,"_exactmetrics_sitenote_active":false,"_exactmetrics_sitenote_note":"","_exactmetrics_sitenote_category":0},"product_brand":[],"product_cat":[40],"product_tag":[],"class_list":{"0":"post-571","1":"product","2":"type-product","3":"status-publish","5":"product_cat-non-classe","7":"first","8":"instock","9":"shipping-taxable","10":"purchasable","11":"product-type-simple"},"acf":[],"yoast_head":"<!-- This site is optimized with the Yoast SEO plugin v27.2 - https:\/\/yoast.com\/product\/yoast-seo-wordpress\/ -->\n<title>Concert Violon et Orgue - Les Heures Musicales de Cunault<\/title>\n<meta name=\"robots\" content=\"index, follow, max-snippet:-1, max-image-preview:large, max-video-preview:-1\" \/>\n<link rel=\"canonical\" href=\"https:\/\/www.lesheuresmusicalesdecunault.fr\/boutique\/non-classe\/musique-de-chambre\/\" \/>\n<meta property=\"og:locale\" content=\"en_US\" \/>\n<meta property=\"og:type\" content=\"article\" \/>\n<meta property=\"og:title\" content=\"Concert Violon et Orgue - Les Heures Musicales de Cunault\" \/>\n<meta property=\"og:description\" content=\"Jaleh Perego, violon, Damien H\u00e9risset, orgue. T.A. Vitali, J.S. Bach, GF Haendel, C.M. Widor Le concert inaugural de la trente-quatri\u00e8me saison des Heures Musicales de Cunault sera confi\u00e9 \u00e0 la violoniste Jaleh Perego et \u00e0 l&#8217;organiste Damien H\u00e9risset, titulaire de... Continue Reading &rarr;\" \/>\n<meta property=\"og:url\" content=\"https:\/\/www.lesheuresmusicalesdecunault.fr\/boutique\/non-classe\/musique-de-chambre\/\" \/>\n<meta property=\"og:site_name\" content=\"Les Heures Musicales de Cunault\" \/>\n<meta property=\"article:modified_time\" content=\"2017-03-28T15:41:34+00:00\" \/>\n<meta property=\"og:image\" content=\"https:\/\/www.lesheuresmusicalesdecunault.fr\/contents\/medias\/2016\/03\/Jaleh-Perego-300x225.jpg\" \/>\n<meta name=\"twitter:card\" content=\"summary_large_image\" \/>\n<meta name=\"twitter:label1\" content=\"Est. reading time\" \/>\n\t<meta name=\"twitter:data1\" content=\"1 minute\" \/>\n<script type=\"application\/ld+json\" class=\"yoast-schema-graph\">{\"@context\":\"https:\/\/schema.org\",\"@graph\":[{\"@type\":\"WebPage\",\"@id\":\"https:\/\/www.lesheuresmusicalesdecunault.fr\/boutique\/non-classe\/musique-de-chambre\/\",\"url\":\"https:\/\/www.lesheuresmusicalesdecunault.fr\/boutique\/non-classe\/musique-de-chambre\/\",\"name\":\"Concert Violon et Orgue - Les Heures Musicales de Cunault\",\"isPartOf\":{\"@id\":\"https:\/\/www.lesheuresmusicalesdecunault.fr\/#website\"},\"primaryImageOfPage\":{\"@id\":\"https:\/\/www.lesheuresmusicalesdecunault.fr\/boutique\/non-classe\/musique-de-chambre\/#primaryimage\"},\"image\":{\"@id\":\"https:\/\/www.lesheuresmusicalesdecunault.fr\/boutique\/non-classe\/musique-de-chambre\/#primaryimage\"},\"thumbnailUrl\":\"https:\/\/www.lesheuresmusicalesdecunault.fr\/contents\/medias\/2016\/03\/Jaleh-Perego-300x225.jpg\",\"datePublished\":\"2016-04-10T15:37:36+00:00\",\"dateModified\":\"2017-03-28T15:41:34+00:00\",\"breadcrumb\":{\"@id\":\"https:\/\/www.lesheuresmusicalesdecunault.fr\/boutique\/non-classe\/musique-de-chambre\/#breadcrumb\"},\"inLanguage\":\"en-US\",\"potentialAction\":[{\"@type\":\"ReadAction\",\"target\":[\"https:\/\/www.lesheuresmusicalesdecunault.fr\/boutique\/non-classe\/musique-de-chambre\/\"]}]},{\"@type\":\"ImageObject\",\"inLanguage\":\"en-US\",\"@id\":\"https:\/\/www.lesheuresmusicalesdecunault.fr\/boutique\/non-classe\/musique-de-chambre\/#primaryimage\",\"url\":\"https:\/\/www.lesheuresmusicalesdecunault.fr\/contents\/medias\/2016\/03\/Jaleh-Perego-300x225.jpg\",\"contentUrl\":\"https:\/\/www.lesheuresmusicalesdecunault.fr\/contents\/medias\/2016\/03\/Jaleh-Perego-300x225.jpg\"},{\"@type\":\"BreadcrumbList\",\"@id\":\"https:\/\/www.lesheuresmusicalesdecunault.fr\/boutique\/non-classe\/musique-de-chambre\/#breadcrumb\",\"itemListElement\":[{\"@type\":\"ListItem\",\"position\":1,\"name\":\"Home\",\"item\":\"https:\/\/www.lesheuresmusicalesdecunault.fr\/\"},{\"@type\":\"ListItem\",\"position\":2,\"name\":\"Concert Violon et Orgue\"}]},{\"@type\":\"WebSite\",\"@id\":\"https:\/\/www.lesheuresmusicalesdecunault.fr\/#website\",\"url\":\"https:\/\/www.lesheuresmusicalesdecunault.fr\/\",\"name\":\"Les Heures Musicales de Cunault\",\"description\":\"\",\"potentialAction\":[{\"@type\":\"SearchAction\",\"target\":{\"@type\":\"EntryPoint\",\"urlTemplate\":\"https:\/\/www.lesheuresmusicalesdecunault.fr\/?s={search_term_string}\"},\"query-input\":{\"@type\":\"PropertyValueSpecification\",\"valueRequired\":true,\"valueName\":\"search_term_string\"}}],\"inLanguage\":\"en-US\"}]}<\/script>\n<!-- \/ Yoast SEO plugin. -->","yoast_head_json":{"title":"Concert Violon et Orgue - Les Heures Musicales de Cunault","robots":{"index":"index","follow":"follow","max-snippet":"max-snippet:-1","max-image-preview":"max-image-preview:large","max-video-preview":"max-video-preview:-1"},"canonical":"https:\/\/www.lesheuresmusicalesdecunault.fr\/boutique\/non-classe\/musique-de-chambre\/","og_locale":"en_US","og_type":"article","og_title":"Concert Violon et Orgue - Les Heures Musicales de Cunault","og_description":"Jaleh Perego, violon, Damien H\u00e9risset, orgue. T.A. Vitali, J.S. Bach, GF Haendel, C.M. Widor Le concert inaugural de la trente-quatri\u00e8me saison des Heures Musicales de Cunault sera confi\u00e9 \u00e0 la violoniste Jaleh Perego et \u00e0 l&#8217;organiste Damien H\u00e9risset, titulaire de... Continue Reading &rarr;","og_url":"https:\/\/www.lesheuresmusicalesdecunault.fr\/boutique\/non-classe\/musique-de-chambre\/","og_site_name":"Les Heures Musicales de Cunault","article_modified_time":"2017-03-28T15:41:34+00:00","og_image":[{"url":"https:\/\/www.lesheuresmusicalesdecunault.fr\/contents\/medias\/2016\/03\/Jaleh-Perego-300x225.jpg","type":"","width":"","height":""}],"twitter_card":"summary_large_image","twitter_misc":{"Est. reading time":"1 minute"},"schema":{"@context":"https:\/\/schema.org","@graph":[{"@type":"WebPage","@id":"https:\/\/www.lesheuresmusicalesdecunault.fr\/boutique\/non-classe\/musique-de-chambre\/","url":"https:\/\/www.lesheuresmusicalesdecunault.fr\/boutique\/non-classe\/musique-de-chambre\/","name":"Concert Violon et Orgue - Les Heures Musicales de Cunault","isPartOf":{"@id":"https:\/\/www.lesheuresmusicalesdecunault.fr\/#website"},"primaryImageOfPage":{"@id":"https:\/\/www.lesheuresmusicalesdecunault.fr\/boutique\/non-classe\/musique-de-chambre\/#primaryimage"},"image":{"@id":"https:\/\/www.lesheuresmusicalesdecunault.fr\/boutique\/non-classe\/musique-de-chambre\/#primaryimage"},"thumbnailUrl":"https:\/\/www.lesheuresmusicalesdecunault.fr\/contents\/medias\/2016\/03\/Jaleh-Perego-300x225.jpg","datePublished":"2016-04-10T15:37:36+00:00","dateModified":"2017-03-28T15:41:34+00:00","breadcrumb":{"@id":"https:\/\/www.lesheuresmusicalesdecunault.fr\/boutique\/non-classe\/musique-de-chambre\/#breadcrumb"},"inLanguage":"en-US","potentialAction":[{"@type":"ReadAction","target":["https:\/\/www.lesheuresmusicalesdecunault.fr\/boutique\/non-classe\/musique-de-chambre\/"]}]},{"@type":"ImageObject","inLanguage":"en-US","@id":"https:\/\/www.lesheuresmusicalesdecunault.fr\/boutique\/non-classe\/musique-de-chambre\/#primaryimage","url":"https:\/\/www.lesheuresmusicalesdecunault.fr\/contents\/medias\/2016\/03\/Jaleh-Perego-300x225.jpg","contentUrl":"https:\/\/www.lesheuresmusicalesdecunault.fr\/contents\/medias\/2016\/03\/Jaleh-Perego-300x225.jpg"},{"@type":"BreadcrumbList","@id":"https:\/\/www.lesheuresmusicalesdecunault.fr\/boutique\/non-classe\/musique-de-chambre\/#breadcrumb","itemListElement":[{"@type":"ListItem","position":1,"name":"Home","item":"https:\/\/www.lesheuresmusicalesdecunault.fr\/"},{"@type":"ListItem","position":2,"name":"Concert Violon et Orgue"}]},{"@type":"WebSite","@id":"https:\/\/www.lesheuresmusicalesdecunault.fr\/#website","url":"https:\/\/www.lesheuresmusicalesdecunault.fr\/","name":"Les Heures Musicales de Cunault","description":"","potentialAction":[{"@type":"SearchAction","target":{"@type":"EntryPoint","urlTemplate":"https:\/\/www.lesheuresmusicalesdecunault.fr\/?s={search_term_string}"},"query-input":{"@type":"PropertyValueSpecification","valueRequired":true,"valueName":"search_term_string"}}],"inLanguage":"en-US"}]}},"_links":{"self":[{"href":"https:\/\/www.lesheuresmusicalesdecunault.fr\/en\/wp-json\/wp\/v2\/product\/571","targetHints":{"allow":["GET"]}}],"collection":[{"href":"https:\/\/www.lesheuresmusicalesdecunault.fr\/en\/wp-json\/wp\/v2\/product"}],"about":[{"href":"https:\/\/www.lesheuresmusicalesdecunault.fr\/en\/wp-json\/wp\/v2\/types\/product"}],"replies":[{"embeddable":true,"href":"https:\/\/www.lesheuresmusicalesdecunault.fr\/en\/wp-json\/wp\/v2\/comments?post=571"}],"wp:attachment":[{"href":"https:\/\/www.lesheuresmusicalesdecunault.fr\/en\/wp-json\/wp\/v2\/media?parent=571"}],"wp:term":[{"taxonomy":"product_brand","embeddable":true,"href":"https:\/\/www.lesheuresmusicalesdecunault.fr\/en\/wp-json\/wp\/v2\/product_brand?post=571"},{"taxonomy":"product_cat","embeddable":true,"href":"https:\/\/www.lesheuresmusicalesdecunault.fr\/en\/wp-json\/wp\/v2\/product_cat?post=571"},{"taxonomy":"product_tag","embeddable":true,"href":"https:\/\/www.lesheuresmusicalesdecunault.fr\/en\/wp-json\/wp\/v2\/product_tag?post=571"}],"curies":[{"name":"wp","href":"https:\/\/api.w.org\/{rel}","templated":true}]}}